{"id":45,"date":"2024-09-28T22:03:12","date_gmt":"2024-09-29T01:03:12","guid":{"rendered":"http:\/\/localhost\/wptheme-grupo-naval\/?page_id=45"},"modified":"2025-10-14T10:20:42","modified_gmt":"2025-10-14T13:20:42","slug":"naval-em-angola","status":"publish","type":"page","link":"https:\/\/grupo-naval.com\/en\/naval-em-angola\/","title":{"rendered":"Naval Group in Angola"},"content":{"rendered":"","protected":false},"excerpt":{"rendered":"","protected":false},"author":4,"featured_media":0,"parent":0,"menu_order":0,"comment_status":"closed","ping_status":"closed","template":"page-about.php","meta":{"_acf_changed":false,"footnotes":""},"class_list":["post-45","page","type-page","status-publish","hentry"],"acf":[],"yoast_head":"<!-- This site is optimized with the Yoast SEO plugin v24.1 - https:\/\/yoast.com\/wordpress\/plugins\/seo\/ -->\n<title>Grupo Naval em Angola - Grupo Naval<\/title>\n<meta name=\"description\" content=\"Descubra as iniciativas do Grupo Naval em Angola: uma refer\u00eancia em ind\u00fastria, distribui\u00e7\u00e3o e agroind\u00fastria. Com investimentos cont\u00ednuos, geramos empregos, impulsionamos a economia local e promovemos inova\u00e7\u00e3o sustent\u00e1vel para um futuro pr\u00f3spero.\" \/>\n<meta name=\"robots\" content=\"index, follow, max-snippet:-1, max-image-preview:large, max-video-preview:-1\" \/>\n<link rel=\"canonical\" href=\"https:\/\/grupo-naval.com\/en\/naval-em-angola\/\" \/>\n<meta property=\"og:locale\" content=\"en_US\" \/>\n<meta property=\"og:type\" content=\"article\" \/>\n<meta property=\"og:title\" content=\"Grupo Naval em Angola - Grupo Naval\" \/>\n<meta property=\"og:description\" content=\"Descubra as iniciativas do Grupo Naval em Angola: uma refer\u00eancia em ind\u00fastria, distribui\u00e7\u00e3o e agroind\u00fastria. Com investimentos cont\u00ednuos, geramos empregos, impulsionamos a economia local e promovemos inova\u00e7\u00e3o sustent\u00e1vel para um futuro pr\u00f3spero.\" \/>\n<meta property=\"og:url\" content=\"https:\/\/grupo-naval.com\/en\/naval-em-angola\/\" \/>\n<meta property=\"og:site_name\" content=\"Grupo Naval\" \/>\n<meta property=\"article:modified_time\" content=\"2025-10-14T13:20:42+00:00\" \/>\n<meta property=\"og:image\" content=\"https:\/\/grupo-naval.com\/wp-content\/uploads\/2024\/11\/Untitled-design-6.png\" \/>\n\t<meta property=\"og:image:width\" content=\"400\" \/>\n\t<meta property=\"og:image:height\" content=\"240\" \/>\n\t<meta property=\"og:image:type\" content=\"image\/png\" \/>\n<meta name=\"twitter:card\" content=\"summary_large_image\" \/>\n<script type=\"application\/ld+json\" class=\"yoast-schema-graph\">{\"@context\":\"https:\/\/schema.org\",\"@graph\":[{\"@type\":\"WebPage\",\"@id\":\"https:\/\/grupo-naval.com\/naval-em-angola\/\",\"url\":\"https:\/\/grupo-naval.com\/naval-em-angola\/\",\"name\":\"Grupo Naval em Angola - Grupo Naval\",\"isPartOf\":{\"@id\":\"https:\/\/grupo-naval.com\/#website\"},\"datePublished\":\"2024-09-29T01:03:12+00:00\",\"dateModified\":\"2025-10-14T13:20:42+00:00\",\"description\":\"Descubra as iniciativas do Grupo Naval em Angola: uma refer\u00eancia em ind\u00fastria, distribui\u00e7\u00e3o e agroind\u00fastria. Com investimentos cont\u00ednuos, geramos empregos, impulsionamos a economia local e promovemos inova\u00e7\u00e3o sustent\u00e1vel para um futuro pr\u00f3spero.\",\"breadcrumb\":{\"@id\":\"https:\/\/grupo-naval.com\/naval-em-angola\/#breadcrumb\"},\"inLanguage\":\"en-US\",\"potentialAction\":[{\"@type\":\"ReadAction\",\"target\":[\"https:\/\/grupo-naval.com\/naval-em-angola\/\"]}]},{\"@type\":\"BreadcrumbList\",\"@id\":\"https:\/\/grupo-naval.com\/naval-em-angola\/#breadcrumb\",\"itemListElement\":[{\"@type\":\"ListItem\",\"position\":1,\"name\":\"Home\",\"item\":\"https:\/\/grupo-naval.com\/\"},{\"@type\":\"ListItem\",\"position\":2,\"name\":\"Grupo Naval em Angola\"}]},{\"@type\":\"WebSite\",\"@id\":\"https:\/\/grupo-naval.com\/#website\",\"url\":\"https:\/\/grupo-naval.com\/\",\"name\":\"Naval Group\",\"description\":\"\",\"publisher\":{\"@id\":\"https:\/\/grupo-naval.com\/#organization\"},\"potentialAction\":[{\"@type\":\"SearchAction\",\"target\":{\"@type\":\"EntryPoint\",\"urlTemplate\":\"https:\/\/grupo-naval.com\/?s={search_term_string}\"},\"query-input\":{\"@type\":\"PropertyValueSpecification\",\"valueRequired\":true,\"valueName\":\"search_term_string\"}}],\"inLanguage\":\"en-US\"},{\"@type\":\"Organization\",\"@id\":\"https:\/\/grupo-naval.com\/#organization\",\"name\":\"Naval Group\",\"url\":\"https:\/\/grupo-naval.com\/\",\"logo\":{\"@type\":\"ImageObject\",\"inLanguage\":\"en-US\",\"@id\":\"https:\/\/grupo-naval.com\/#\/schema\/logo\/image\/\",\"url\":\"https:\/\/grupo-naval.com\/wp-content\/uploads\/2024\/11\/Untitled-design-6.png\",\"contentUrl\":\"https:\/\/grupo-naval.com\/wp-content\/uploads\/2024\/11\/Untitled-design-6.png\",\"width\":400,\"height\":240,\"caption\":\"Naval Group\"},\"image\":{\"@id\":\"https:\/\/grupo-naval.com\/#\/schema\/logo\/image\/\"},\"sameAs\":[\"https:\/\/www.linkedin.com\/company\/grupo-naval\"]}]}<\/script>\n<!-- \/ Yoast SEO plugin. -->","yoast_head_json":{"title":"Grupo Naval em Angola - Grupo Naval","description":"Descubra as iniciativas do Grupo Naval em Angola: uma refer\u00eancia em ind\u00fastria, distribui\u00e7\u00e3o e agroind\u00fastria. Com investimentos cont\u00ednuos, geramos empregos, impulsionamos a economia local e promovemos inova\u00e7\u00e3o sustent\u00e1vel para um futuro pr\u00f3spero.","robots":{"index":"index","follow":"follow","max-snippet":"max-snippet:-1","max-image-preview":"max-image-preview:large","max-video-preview":"max-video-preview:-1"},"canonical":"https:\/\/grupo-naval.com\/en\/naval-em-angola\/","og_locale":"en_US","og_type":"article","og_title":"Grupo Naval em Angola - Grupo Naval","og_description":"Descubra as iniciativas do Grupo Naval em Angola: uma refer\u00eancia em ind\u00fastria, distribui\u00e7\u00e3o e agroind\u00fastria. Com investimentos cont\u00ednuos, geramos empregos, impulsionamos a economia local e promovemos inova\u00e7\u00e3o sustent\u00e1vel para um futuro pr\u00f3spero.","og_url":"https:\/\/grupo-naval.com\/en\/naval-em-angola\/","og_site_name":"Grupo Naval","article_modified_time":"2025-10-14T13:20:42+00:00","og_image":[{"width":400,"height":240,"url":"https:\/\/grupo-naval.com\/wp-content\/uploads\/2024\/11\/Untitled-design-6.png","type":"image\/png"}],"twitter_card":"summary_large_image","schema":{"@context":"https:\/\/schema.org","@graph":[{"@type":"WebPage","@id":"https:\/\/grupo-naval.com\/naval-em-angola\/","url":"https:\/\/grupo-naval.com\/naval-em-angola\/","name":"Grupo Naval em Angola - Grupo Naval","isPartOf":{"@id":"https:\/\/grupo-naval.com\/#website"},"datePublished":"2024-09-29T01:03:12+00:00","dateModified":"2025-10-14T13:20:42+00:00","description":"Descubra as iniciativas do Grupo Naval em Angola: uma refer\u00eancia em ind\u00fastria, distribui\u00e7\u00e3o e agroind\u00fastria. Com investimentos cont\u00ednuos, geramos empregos, impulsionamos a economia local e promovemos inova\u00e7\u00e3o sustent\u00e1vel para um futuro pr\u00f3spero.","breadcrumb":{"@id":"https:\/\/grupo-naval.com\/naval-em-angola\/#breadcrumb"},"inLanguage":"en-US","potentialAction":[{"@type":"ReadAction","target":["https:\/\/grupo-naval.com\/naval-em-angola\/"]}]},{"@type":"BreadcrumbList","@id":"https:\/\/grupo-naval.com\/naval-em-angola\/#breadcrumb","itemListElement":[{"@type":"ListItem","position":1,"name":"Home","item":"https:\/\/grupo-naval.com\/"},{"@type":"ListItem","position":2,"name":"Grupo Naval em Angola"}]},{"@type":"WebSite","@id":"https:\/\/grupo-naval.com\/#website","url":"https:\/\/grupo-naval.com\/","name":"Naval Group","description":"","publisher":{"@id":"https:\/\/grupo-naval.com\/#organization"},"potentialAction":[{"@type":"SearchAction","target":{"@type":"EntryPoint","urlTemplate":"https:\/\/grupo-naval.com\/?s={search_term_string}"},"query-input":{"@type":"PropertyValueSpecification","valueRequired":true,"valueName":"search_term_string"}}],"inLanguage":"en-US"},{"@type":"Organization","@id":"https:\/\/grupo-naval.com\/#organization","name":"Naval Group","url":"https:\/\/grupo-naval.com\/","logo":{"@type":"ImageObject","inLanguage":"en-US","@id":"https:\/\/grupo-naval.com\/#\/schema\/logo\/image\/","url":"https:\/\/grupo-naval.com\/wp-content\/uploads\/2024\/11\/Untitled-design-6.png","contentUrl":"https:\/\/grupo-naval.com\/wp-content\/uploads\/2024\/11\/Untitled-design-6.png","width":400,"height":240,"caption":"Naval Group"},"image":{"@id":"https:\/\/grupo-naval.com\/#\/schema\/logo\/image\/"},"sameAs":["https:\/\/www.linkedin.com\/company\/grupo-naval"]}]}},"_links":{"self":[{"href":"https:\/\/grupo-naval.com\/en\/wp-json\/wp\/v2\/pages\/45","targetHints":{"allow":["GET"]}}],"collection":[{"href":"https:\/\/grupo-naval.com\/en\/wp-json\/wp\/v2\/pages"}],"about":[{"href":"https:\/\/grupo-naval.com\/en\/wp-json\/wp\/v2\/types\/page"}],"author":[{"embeddable":true,"href":"https:\/\/grupo-naval.com\/en\/wp-json\/wp\/v2\/users\/4"}],"replies":[{"embeddable":true,"href":"https:\/\/grupo-naval.com\/en\/wp-json\/wp\/v2\/comments?post=45"}],"version-history":[{"count":16,"href":"https:\/\/grupo-naval.com\/en\/wp-json\/wp\/v2\/pages\/45\/revisions"}],"predecessor-version":[{"id":837,"href":"https:\/\/grupo-naval.com\/en\/wp-json\/wp\/v2\/pages\/45\/revisions\/837"}],"wp:attachment":[{"href":"https:\/\/grupo-naval.com\/en\/wp-json\/wp\/v2\/media?parent=45"}],"curies":[{"name":"wp","href":"https:\/\/api.w.org\/{rel}","templated":true}]}}